{"id":1483,"date":"2025-06-03T08:38:29","date_gmt":"2025-06-03T08:38:29","guid":{"rendered":"https:\/\/crystalbgr.com\/?post_type=product&#038;p=1483"},"modified":"2025-06-19T12:55:03","modified_gmt":"2025-06-19T12:55:03","slug":"samoregulirasth-elektricheski-nagrevat","status":"publish","type":"product","link":"https:\/\/crystalbgr.com\/en\/product\/samoregulirasth-elektricheski-nagrevat\/","title":{"rendered":"Crystal PTC self-regulating electric heater"},"content":{"rendered":"<table class=\"spec-table\">\n<tbody>\n<tr>\n<td>Model<\/td>\n<td colspan=\"2\">Crystal PTC self-regulating electric heater<\/td>\n<\/tr>\n<tr>\n<td>Power<\/td>\n<td colspan=\"2\">220 V<\/td>\n<\/tr>\n<tr>\n<td>Power<\/td>\n<td colspan=\"2\">1000 - 3000 W<\/td>\n<\/tr>\n<tr>\n<td>Dimensions (a \u00d7 b \u00d7 h \u00d7 d)<\/td>\n<td colspan=\"2\">400 \u00d7 350 \u00d7 290 \u00d7 200 mm<\/td>\n<\/tr>\n<tr>\n<td>Weight<\/td>\n<td colspan=\"2\">7 kg<\/td>\n<\/tr>\n<\/tbody>\n<\/table>","protected":false},"excerpt":{"rendered":"<p>\u041c\u043e\u0434\u0435\u043b Crystal PTC \u0441\u0430\u043c\u043e\u0440\u0435\u0433\u0443\u043b\u0438\u0440\u0430\u0449 \u0435\u043b\u0435\u043a\u0442\u0440\u0438\u0447\u0435\u0441\u043a\u0438 \u043d\u0430\u0433\u0440\u0435\u0432\u0430\u0442\u0435\u043b \u0417\u0430\u0445\u0440\u0430\u043d\u0432\u0430\u043d\u0435 220 V \u041c\u043e\u0449\u043d\u043e\u0441\u0442 1000 \u2013 3000 W \u0420\u0430\u0437\u043c\u0435\u0440\u0438 (a \u00d7 b \u00d7 h \u00d7 d) 400 \u00d7 350 \u00d7 290 \u00d7 200 mm \u0422\u0435\u0433\u043b\u043e 7 kg<\/p>","protected":false},"featured_media":243231,"comment_status":"open","ping_status":"closed","template":"","meta":{"_acf_changed":false,"_et_pb_use_builder":"","_et_pb_old_content":"","_et_gb_content_width":"","inline_featured_image":false},"product_brand":[],"product_cat":[31],"product_tag":[],"class_list":{"0":"post-1483","1":"product","2":"type-product","3":"status-publish","4":"has-post-thumbnail","6":"product_cat-rekuperatori","8":"first","9":"instock","10":"shipping-taxable","11":"product-type-simple"},"acf":[],"_links":{"self":[{"href":"https:\/\/crystalbgr.com\/en\/wp-json\/wp\/v2\/product\/1483","targetHints":{"allow":["GET"]}}],"collection":[{"href":"https:\/\/crystalbgr.com\/en\/wp-json\/wp\/v2\/product"}],"about":[{"href":"https:\/\/crystalbgr.com\/en\/wp-json\/wp\/v2\/types\/product"}],"replies":[{"embeddable":true,"href":"https:\/\/crystalbgr.com\/en\/wp-json\/wp\/v2\/comments?post=1483"}],"wp:featuredmedia":[{"embeddable":true,"href":"https:\/\/crystalbgr.com\/en\/wp-json\/wp\/v2\/media\/243231"}],"wp:attachment":[{"href":"https:\/\/crystalbgr.com\/en\/wp-json\/wp\/v2\/media?parent=1483"}],"wp:term":[{"taxonomy":"product_brand","embeddable":true,"href":"https:\/\/crystalbgr.com\/en\/wp-json\/wp\/v2\/product_brand?post=1483"},{"taxonomy":"product_cat","embeddable":true,"href":"https:\/\/crystalbgr.com\/en\/wp-json\/wp\/v2\/product_cat?post=1483"},{"taxonomy":"product_tag","embeddable":true,"href":"https:\/\/crystalbgr.com\/en\/wp-json\/wp\/v2\/product_tag?post=1483"}],"curies":[{"name":"wp","href":"https:\/\/api.w.org\/{rel}","templated":true}]}}